{"id":236204,"date":"2025-07-23T18:57:48","date_gmt":"2025-07-23T16:57:48","guid":{"rendered":"https:\/\/artigianidelrestauro.com\/restaurierung\/"},"modified":"2026-02-23T08:57:49","modified_gmt":"2026-02-23T07:57:49","slug":"restaurierung","status":"publish","type":"page","link":"https:\/\/www.artigianidelrestauro.com\/de\/restaurierung\/","title":{"rendered":"RESTAURIERUNG"},"content":{"rendered":"<p>[et_pb_section fb_built=&#8220;1&#8243; _builder_version=&#8220;4.27.4&#8243; _module_preset=&#8220;default&#8220; background_image=&#8220;https:\/\/artigianidelrestauro.com\/wp-content\/uploads\/2025\/07\/chi-siamo-hero.jpg&#8220; locked=&#8220;off&#8220; global_colors_info=&#8220;{}&#8220;][\/et_pb_section][et_pb_section fb_built=&#8220;1&#8243; module_class=&#8220;parent-section&#8220; _builder_version=&#8220;4.27.4&#8243; _module_preset=&#8220;default&#8220; custom_margin=&#8220;||||false|false&#8220; custom_padding=&#8220;0px||||false|false&#8220; global_colors_info=&#8220;{}&#8220;][et_pb_row _builder_version=&#8220;4.27.4&#8243; _module_preset=&#8220;default&#8220; use_background_color_gradient=&#8220;on&#8220; background_color_gradient_stops=&#8220;#eaeceb 0%|#f4f5f5 100%&#8220; width=&#8220;100%&#8220; max_width=&#8220;100%&#8220; box_shadow_style=&#8220;preset2&#8243; locked=&#8220;off&#8220; global_colors_info=&#8220;{}&#8220;][et_pb_column type=&#8220;4_4&#8243; _builder_version=&#8220;4.27.4&#8243; _module_preset=&#8220;default&#8220; global_colors_info=&#8220;{}&#8220;][et_pb_heading title=&#8220;Restaurierung&#8220; _builder_version=&#8220;4.27.4&#8243; _module_preset=&#8220;default&#8220; title_font=&#8220;&#8211;et_global_heading_font||||||||&#8220; title_text_align=&#8220;center&#8220; title_font_size=&#8220;55px&#8220; title_letter_spacing=&#8220;2px&#8220; locked=&#8220;off&#8220; global_colors_info=&#8220;{}&#8220;][\/et_pb_heading][\/et_pb_column][\/et_pb_row][et_pb_row column_structure=&#8220;1_2,1_2&#8243; _builder_version=&#8220;4.27.4&#8243; _module_preset=&#8220;default&#8220; global_colors_info=&#8220;{}&#8220;][et_pb_column type=&#8220;1_2&#8243; _builder_version=&#8220;4.27.4&#8243; _module_preset=&#8220;default&#8220; global_colors_info=&#8220;{}&#8220;][et_pb_text _builder_version=&#8220;4.27.4&#8243; _module_preset=&#8220;default&#8220; text_font=&#8220;|300|||||||&#8220; global_colors_info=&#8220;{}&#8220;]<\/p>\n<p>Artigiani del Restauro ist eine traditionelle Werkstatt, die sich auf die Restaurierung und den Verkauf von antiken Berkel-Aufschnittsmaschinen spezialisiert hat.<\/p>\n<p>Die Firma kauft und restauriert antike Berkel-Schneidemaschinen mit dem Ziel, diese wiederherzustellen und ihnen ihre urspr\u00fcngliche Pracht und perfekte Funktionalit\u00e4t wiederzuverleihen. Die gesamten Berkel-Restaurierung und die Verarbeitung findet in einer eigenen Fabrik in Oggiona S. Stefano (VA) statt. <\/p>\n<p>Die Restauration von Artigiani del Restauro zeichnet sich durch die zahlreichen Schritte aus, die unverzichtbar sind, um die \u201ealten\u201c Maschinen in wahre Kunstwerke zu transformieren. Auf diese Weise k\u00f6nnen die restaurierten Maschinen die Einrichtung bereichen oder auch in Restaurants und Hotels, sowie von Einzelpersonen verwendet werden.<\/p>\n<p>[\/et_pb_text][\/et_pb_column][et_pb_column type=&#8220;1_2&#8243; _builder_version=&#8220;4.27.4&#8243; _module_preset=&#8220;default&#8220; global_colors_info=&#8220;{}&#8220;][et_pb_text _builder_version=&#8220;4.27.4&#8243; _module_preset=&#8220;default&#8220; text_font=&#8220;|300|||||||&#8220; global_colors_info=&#8220;{}&#8220;]<\/p>\n<p>Um den Kunden einen umfassenden Service anbieten zu k\u00f6nnen, widmet sich Artigiani del restauro sorgf\u00e4ltig und mit Liebe zum Detail der Wiederherstellung von Berkel Aufschnittmaschinen. Dar\u00fcber hinaus verwendet das Unternehmen in allen Berkel Restaurierungsphasen hochwertige Produkte, die den h\u00f6chsten Sicherheitsstandards entsprechen. Bei der Lackierung werden ausschlie\u00dflich wasserbasierte Farben verwendet, sodass keine Gefahr beim direkten Kontakt mit Lebensmittel entsteht; Die Schrauben und Details aus Eisen, Aluminium oder Gusseisen werden poliert, verkupfert, vernickelt und bei Bedarf verchromt<\/p>\n<p>Die Erfahrung und Pr\u00e4zision der Mechaniker erm\u00f6glicht es dem Unternehmen, alte Berkel wieder in Funktion zu bringen.<\/p>\n<p>Solange sie vollst\u00e4ndig sind, restaurieren wir auch Nicht-Berkel-Slicer und haben die M\u00f6glichkeit, eine individuelle Basis f\u00fcr die spezifische Maschine zu realisieren.<\/p>\n<p>[\/et_pb_text][\/et_pb_column][\/et_pb_row][et_pb_row _builder_version=&#8220;4.27.4&#8243; _module_preset=&#8220;default&#8220; global_colors_info=&#8220;{}&#8220;][et_pb_column type=&#8220;4_4&#8243; _builder_version=&#8220;4.27.4&#8243; _module_preset=&#8220;default&#8220; global_colors_info=&#8220;{}&#8220;][et_pb_text _builder_version=&#8220;4.27.4&#8243; _module_preset=&#8220;default&#8220; header_text_color=&#8220;#aa1c17&#8243; header_2_text_align=&#8220;center&#8220; header_2_text_color=&#8220;#aa1c17&#8243; header_2_font_size=&#8220;55px&#8220; global_colors_info=&#8220;{}&#8220;]<\/p>\n<h2>Die Phasen der Wiederherstellung von Berkel Aufschnittmaschine<\/h2>\n<p>[\/et_pb_text][et_pb_code _builder_version=&#8220;4.27.4&#8243; _module_preset=&#8220;default&#8220; global_colors_info=&#8220;{}&#8220;]<\/p>\n<div class=\"restauro-steps\"><!-- [et_pb_line_break_holder] -->  <\/p>\n<div class=\"step active\" data-target=\"step-smontaggio\">#1<!\u2013- [et_pb_br_holder] -\u2013>ABBAU<\/div>\n<p><!-- [et_pb_line_break_holder] -->  <\/p>\n<div class=\"step\" data-target=\"step-lavaggio\">#2<!\u2013- [et_pb_br_holder] -\u2013>WASCHEN<\/div>\n<p><!-- [et_pb_line_break_holder] -->  <\/p>\n<div class=\"step\" data-target=\"step-sabbiatura\">#3<!\u2013- [et_pb_br_holder] -\u2013>SANDSTRAHLEN<\/div>\n<p><!-- [et_pb_line_break_holder] -->  <\/p>\n<div class=\"step\" data-target=\"step-stuccatura\">#4<!\u2013- [et_pb_br_holder] -\u2013>VERFUGEN<\/div>\n<p><!-- [et_pb_line_break_holder] -->  <\/p>\n<div class=\"step\" data-target=\"step-verniciatura\">#5<!\u2013- [et_pb_br_holder] -\u2013>MALEREI<\/div>\n<p><!-- [et_pb_line_break_holder] -->  <\/p>\n<div class=\"step\" data-target=\"step-decorazione\">#6<!\u2013- [et_pb_br_holder] -\u2013>DEKORATION<\/div>\n<p><!-- [et_pb_line_break_holder] -->  <\/p>\n<div class=\"step\" data-target=\"step-lucidatura\">#7<!\u2013- [et_pb_br_holder] -\u2013>POLIEREN<\/div>\n<p><!-- [et_pb_line_break_holder] -->  <\/p>\n<div class=\"step\" data-target=\"step-montaggio\">#8<!\u2013- [et_pb_br_holder] -\u2013>MONTAGE<\/div>\n<p><!-- [et_pb_line_break_holder] --><\/div>\n<p><!-- [et_pb_line_break_holder] --><!-- [et_pb_line_break_holder] --><script><!-- [et_pb_line_break_holder] -->document.addEventListener('DOMContentLoaded', function () {<!-- [et_pb_line_break_holder] -->  const steps = document.querySelectorAll('.restauro-steps .step');<!-- [et_pb_line_break_holder] -->  const sections = document.querySelectorAll('.step-content');<!-- [et_pb_line_break_holder] --><!-- [et_pb_line_break_holder] -->  function showSection(targetId) {<!-- [et_pb_line_break_holder] -->    sections.forEach(sec => {<!-- [et_pb_line_break_holder] -->      sec.style.display = (sec.id === targetId) ? 'block' : 'none';<!-- [et_pb_line_break_holder] -->    });<!-- [et_pb_line_break_holder] -->  }<!-- [et_pb_line_break_holder] --><!-- [et_pb_line_break_holder] -->  steps.forEach(step => {<!-- [et_pb_line_break_holder] -->    step.addEventListener('click', function () {<!-- [et_pb_line_break_holder] -->      const targetId = this.getAttribute('data-target');<!-- [et_pb_line_break_holder] --><!-- [et_pb_line_break_holder] -->      steps.forEach(s => s.classList.remove('active'));<!-- [et_pb_line_break_holder] -->      this.classList.add('active');<!-- [et_pb_line_break_holder] --><!-- [et_pb_line_break_holder] -->      showSection(targetId);<!-- [et_pb_line_break_holder] -->    });<!-- [et_pb_line_break_holder] -->  });<!-- [et_pb_line_break_holder] --><!-- [et_pb_line_break_holder] -->  if (steps[0]) {<!-- [et_pb_line_break_holder] -->    const firstTarget = steps[0].getAttribute('data-target');<!-- [et_pb_line_break_holder] -->    showSection(firstTarget);<!-- [et_pb_line_break_holder] -->  }<!-- [et_pb_line_break_holder] -->});<!-- [et_pb_line_break_holder] --><\/script><!-- [et_pb_line_break_holder] -->[\/et_pb_code][\/et_pb_column][\/et_pb_row][et_pb_row column_structure=&#8220;1_2,1_2&#8243; module_id=&#8220;step-smontaggio&#8220; module_class=&#8220;step-content&#8220; _builder_version=&#8220;4.27.4&#8243; _module_preset=&#8220;default&#8220; global_colors_info=&#8220;{}&#8220;][et_pb_column type=&#8220;1_2&#8243; _builder_version=&#8220;4.27.4&#8243; _module_preset=&#8220;default&#8220; global_colors_info=&#8220;{}&#8220;][et_pb_video src=&#8220;https:\/\/artigianidelrestauro.com\/wp-content\/uploads\/2025\/12\/slayer-1smontaggio.mp4&#8243; image_src=&#8220;https:\/\/artigianidelrestauro.com\/wp-content\/uploads\/2025\/12\/smontaggio-berkel-01.jpg&#8220; _builder_version=&#8220;4.27.4&#8243; _module_preset=&#8220;default&#8220; global_colors_info=&#8220;{}&#8220;][\/et_pb_video][\/et_pb_column][et_pb_column type=&#8220;1_2&#8243; _builder_version=&#8220;4.27.4&#8243; _module_preset=&#8220;default&#8220; global_colors_info=&#8220;{}&#8220;][et_pb_heading title=&#8220;PHASE#1 &#8211; ABBAU&#8220; _builder_version=&#8220;4.27.4&#8243; _module_preset=&#8220;default&#8220; title_level=&#8220;h2&#8243; title_font=&#8220;Montserrat|600|||||||&#8220; title_text_color=&#8220;#aa1c17&#8243; title_font_size=&#8220;22px&#8220; custom_margin=&#8220;||0px||false|false&#8220; global_colors_info=&#8220;{}&#8220;][\/et_pb_heading][et_pb_text _builder_version=&#8220;4.27.4&#8243; _module_preset=&#8220;default&#8220; text_font=&#8220;|300|||||||&#8220; hover_enabled=&#8220;0&#8243; global_colors_info=&#8220;{}&#8220; sticky_enabled=&#8220;0&#8243;]<\/p>\n<p>Die zu restaurierende Berkel-Aufschnittmaschine wird vollst\u00e4ndig und mit gr\u00f6\u00dfter Sorgfalt zerlegt. Jedes Teil wird entfernt und sorgf\u00e4ltig gepr\u00fcft. Sollten einige Komponenten besch\u00e4digt oder unbrauchbar sein, werden sie durch Originalteile anderer Berkel-Aufschnittmaschinen ersetzt, die nicht mehr restauriert werden k\u00f6nnen. Dies gew\u00e4hrleistet die vollst\u00e4ndige Originalit\u00e4t der von uns restaurierten Aufschnittmaschine.<\/p>\n<p>[\/et_pb_text][\/et_pb_column][\/et_pb_row][et_pb_row column_structure=&#8220;1_2,1_2&#8243; module_id=&#8220;step-lavaggio&#8220; module_class=&#8220;step-content&#8220; _builder_version=&#8220;4.27.4&#8243; _module_preset=&#8220;default&#8220; global_colors_info=&#8220;{}&#8220;][et_pb_column type=&#8220;1_2&#8243; _builder_version=&#8220;4.27.4&#8243; _module_preset=&#8220;default&#8220; global_colors_info=&#8220;{}&#8220;][et_pb_video src=&#8220;https:\/\/artigianidelrestauro.com\/wp-content\/uploads\/2025\/12\/slayer-2lavaggio.mp4&#8243; image_src=&#8220;https:\/\/artigianidelrestauro.com\/wp-content\/uploads\/2025\/12\/lavaggio-berkel-02.jpg&#8220; _builder_version=&#8220;4.27.4&#8243; _module_preset=&#8220;default&#8220; global_colors_info=&#8220;{}&#8220;][\/et_pb_video][\/et_pb_column][et_pb_column type=&#8220;1_2&#8243; _builder_version=&#8220;4.27.4&#8243; _module_preset=&#8220;default&#8220; global_colors_info=&#8220;{}&#8220;][et_pb_heading title=&#8220;PHASE#2 &#8211; WASCHEN&#8220; _builder_version=&#8220;4.27.4&#8243; _module_preset=&#8220;default&#8220; title_level=&#8220;h2&#8243; title_font=&#8220;Montserrat|600|||||||&#8220; title_text_color=&#8220;#aa1c17&#8243; title_font_size=&#8220;22px&#8220; custom_margin=&#8220;||0px||false|false&#8220; global_colors_info=&#8220;{}&#8220;][\/et_pb_heading][et_pb_text _builder_version=&#8220;4.27.4&#8243; _module_preset=&#8220;default&#8220; text_font=&#8220;|300|||||||&#8220; hover_enabled=&#8220;0&#8243; global_colors_info=&#8220;{}&#8220; sticky_enabled=&#8220;0&#8243;]<\/p>\n<p>Jedes Teil der zu restaurierenden Berkel-Aufschnittmaschine wird sorgf\u00e4ltig mit speziellen Ger\u00e4ten wie Ultraschall- und Hochdruckreinigern und speziellen Produkten gereinigt. Dies ist der erste Schritt einer Reihe von Ma\u00dfnahmen, die erforderlich sind, um die Teile wieder in ihren urspr\u00fcnglichen Zustand zu versetzen.<\/p>\n<p>[\/et_pb_text][\/et_pb_column][\/et_pb_row][et_pb_row column_structure=&#8220;1_2,1_2&#8243; module_id=&#8220;step-sabbiatura&#8220; module_class=&#8220;step-content&#8220; _builder_version=&#8220;4.27.4&#8243; _module_preset=&#8220;default&#8220; global_colors_info=&#8220;{}&#8220;][et_pb_column type=&#8220;1_2&#8243; _builder_version=&#8220;4.27.4&#8243; _module_preset=&#8220;default&#8220; global_colors_info=&#8220;{}&#8220;][et_pb_video src=&#8220;https:\/\/artigianidelrestauro.com\/wp-content\/uploads\/2025\/12\/slayer-3sabbiatura.mp4&#8243; image_src=&#8220;https:\/\/artigianidelrestauro.com\/wp-content\/uploads\/2025\/12\/sabbiatura-berke-01.jpg&#8220; _builder_version=&#8220;4.27.4&#8243; _module_preset=&#8220;default&#8220; global_colors_info=&#8220;{}&#8220;][\/et_pb_video][\/et_pb_column][et_pb_column type=&#8220;1_2&#8243; _builder_version=&#8220;4.27.4&#8243; _module_preset=&#8220;default&#8220; global_colors_info=&#8220;{}&#8220;][et_pb_heading title=&#8220;PHASE#3 &#8211; SANDSTRAHLEN&#8220; _builder_version=&#8220;4.27.4&#8243; _module_preset=&#8220;default&#8220; title_level=&#8220;h2&#8243; title_font=&#8220;Montserrat|600|||||||&#8220; title_text_color=&#8220;#aa1c17&#8243; title_font_size=&#8220;22px&#8220; custom_margin=&#8220;||0px||false|false&#8220; global_colors_info=&#8220;{}&#8220;][\/et_pb_heading][et_pb_text _builder_version=&#8220;4.27.4&#8243; _module_preset=&#8220;default&#8220; text_font=&#8220;|300|||||||&#8220; global_colors_info=&#8220;{}&#8220;]<\/p>\n<p>Die Tiefenreinigung der St\u00fccke wird im Anschluss durchgef\u00fchrt. Bei diesem Verfahren wird die Oberfl\u00e4chenschicht jedes St\u00fcckes abgetragen und gr\u00fcndlich von Farbresten, Kalkablagerungen, Oxiden oder Beschichtungen gereinigt.<\/p>\n<p>[\/et_pb_text][\/et_pb_column][\/et_pb_row][et_pb_row column_structure=&#8220;1_2,1_2&#8243; module_id=&#8220;step-stuccatura&#8220; module_class=&#8220;step-content&#8220; _builder_version=&#8220;4.27.4&#8243; _module_preset=&#8220;default&#8220; global_colors_info=&#8220;{}&#8220;][et_pb_column type=&#8220;1_2&#8243; _builder_version=&#8220;4.27.4&#8243; _module_preset=&#8220;default&#8220; global_colors_info=&#8220;{}&#8220;][et_pb_video src=&#8220;https:\/\/artigianidelrestauro.com\/wp-content\/uploads\/2025\/12\/slayer-4stuccatura-e-carteggiatura.mp4&#8243; image_src=&#8220;https:\/\/artigianidelrestauro.com\/wp-content\/uploads\/2025\/12\/stuccatura-carteggiatura-berkel-01.jpg&#8220; _builder_version=&#8220;4.27.4&#8243; _module_preset=&#8220;default&#8220; global_colors_info=&#8220;{}&#8220;][\/et_pb_video][\/et_pb_column][et_pb_column type=&#8220;1_2&#8243; _builder_version=&#8220;4.27.4&#8243; _module_preset=&#8220;default&#8220; global_colors_info=&#8220;{}&#8220;][et_pb_heading title=&#8220;PHASE#4 &#8211; VERFUGEN&#8220; _builder_version=&#8220;4.27.4&#8243; _module_preset=&#8220;default&#8220; title_level=&#8220;h2&#8243; title_font=&#8220;Montserrat|600|||||||&#8220; title_text_color=&#8220;#aa1c17&#8243; title_font_size=&#8220;22px&#8220; custom_margin=&#8220;||0px||false|false&#8220; global_colors_info=&#8220;{}&#8220;][\/et_pb_heading][et_pb_text _builder_version=&#8220;4.27.4&#8243; _module_preset=&#8220;default&#8220; text_font=&#8220;|300|||||||&#8220; global_colors_info=&#8220;{}&#8220;]<\/p>\n<p>Um Aufschnittmaschine f\u00fcr f\u00fcr die sp\u00e4teren Lackierung vorzubereiten, wird das Schleifen und Stuckieren der zu restaurierenden St\u00fccke der Berkel-Schneidemaschine manuell durchgef\u00fchrt.<\/p>\n<p>[\/et_pb_text][\/et_pb_column][\/et_pb_row][et_pb_row column_structure=&#8220;1_2,1_2&#8243; module_id=&#8220;step-verniciatura&#8220; module_class=&#8220;step-content&#8220; _builder_version=&#8220;4.27.4&#8243; _module_preset=&#8220;default&#8220; global_colors_info=&#8220;{}&#8220;][et_pb_column type=&#8220;1_2&#8243; _builder_version=&#8220;4.27.4&#8243; _module_preset=&#8220;default&#8220; global_colors_info=&#8220;{}&#8220;][et_pb_video src=&#8220;https:\/\/artigianidelrestauro.com\/wp-content\/uploads\/2025\/12\/slayer-5verniciatura.mp4&#8243; image_src=&#8220;https:\/\/artigianidelrestauro.com\/wp-content\/uploads\/2025\/12\/verniciatura-berkel-02.jpg&#8220; _builder_version=&#8220;4.27.4&#8243; _module_preset=&#8220;default&#8220; global_colors_info=&#8220;{}&#8220;][\/et_pb_video][\/et_pb_column][et_pb_column type=&#8220;1_2&#8243; _builder_version=&#8220;4.27.4&#8243; _module_preset=&#8220;default&#8220; global_colors_info=&#8220;{}&#8220;][et_pb_heading title=&#8220;PHASE#5 &#8211; MALEREI&#8220; _builder_version=&#8220;4.27.4&#8243; _module_preset=&#8220;default&#8220; title_level=&#8220;h2&#8243; title_font=&#8220;Montserrat|600|||||||&#8220; title_text_color=&#8220;#aa1c17&#8243; title_font_size=&#8220;22px&#8220; custom_margin=&#8220;||0px||false|false&#8220; global_colors_info=&#8220;{}&#8220;][\/et_pb_heading][et_pb_text _builder_version=&#8220;4.27.4&#8243; _module_preset=&#8220;default&#8220; text_font=&#8220;|300|||||||&#8220; global_colors_info=&#8220;{}&#8220;]<\/p>\n<p>Die Grundierung und die Lacke werden vorbereitet. Eine erste Grundierung wird durchgef\u00fchrt, um sodann die eigentliche Lackierung der Berkel Aufschnittmaschine wiederherzustellent.<\/p>\n<p><span>Es werden Basislacken, opaken Farben und Handdekorationen oder Spritzpistolen bis zu 11 Schichten aufgetragen.<\/span><\/p>\n<p>[\/et_pb_text][\/et_pb_column][\/et_pb_row][et_pb_row column_structure=&#8220;1_2,1_2&#8243; module_id=&#8220;step-decorazione&#8220; module_class=&#8220;step-content&#8220; _builder_version=&#8220;4.27.4&#8243; _module_preset=&#8220;default&#8220; global_colors_info=&#8220;{}&#8220;][et_pb_column type=&#8220;1_2&#8243; _builder_version=&#8220;4.27.4&#8243; _module_preset=&#8220;default&#8220; global_colors_info=&#8220;{}&#8220;][et_pb_video src=&#8220;https:\/\/artigianidelrestauro.com\/wp-content\/uploads\/2025\/12\/slayer-6decorazione.mp4&#8243; image_src=&#8220;https:\/\/artigianidelrestauro.com\/wp-content\/uploads\/2025\/12\/decorazione-berkel-02.jpg&#8220; _builder_version=&#8220;4.27.4&#8243; _module_preset=&#8220;default&#8220; global_colors_info=&#8220;{}&#8220;][\/et_pb_video][\/et_pb_column][et_pb_column type=&#8220;1_2&#8243; _builder_version=&#8220;4.27.4&#8243; _module_preset=&#8220;default&#8220; global_colors_info=&#8220;{}&#8220;][et_pb_heading title=&#8220;PHASE#6 &#8211; DEKORATION&#8220; _builder_version=&#8220;4.27.4&#8243; _module_preset=&#8220;default&#8220; title_level=&#8220;h2&#8243; title_font=&#8220;Montserrat|600|||||||&#8220; title_text_color=&#8220;#aa1c17&#8243; title_font_size=&#8220;22px&#8220; custom_margin=&#8220;||0px||false|false&#8220; global_colors_info=&#8220;{}&#8220;][\/et_pb_heading][et_pb_text _builder_version=&#8220;4.27.4&#8243; _module_preset=&#8220;default&#8220; text_font=&#8220;|300|||||||&#8220; global_colors_info=&#8220;{}&#8220;]<\/p>\n<p>Wir fahren dann mit der Dekoration des Berkel Aufschnittmaschine fort, die manuell mit Hilfe von Airbrush durchgef\u00fchrt wird. Handgemachte Dekorationen werden durchgef\u00fchrt. Insgesamt werden 11 Behandlungsschichten (Fonds, Deckfarben und Dekoren) angewendet.<\/p>\n<p>[\/et_pb_text][\/et_pb_column][\/et_pb_row][et_pb_row column_structure=&#8220;1_2,1_2&#8243; module_id=&#8220;step-lucidatura&#8220; module_class=&#8220;step-content&#8220; _builder_version=&#8220;4.27.4&#8243; _module_preset=&#8220;default&#8220; global_colors_info=&#8220;{}&#8220;][et_pb_column type=&#8220;1_2&#8243; _builder_version=&#8220;4.27.4&#8243; _module_preset=&#8220;default&#8220; global_colors_info=&#8220;{}&#8220;][et_pb_video src=&#8220;https:\/\/artigianidelrestauro.com\/wp-content\/uploads\/2025\/12\/slayer-7lucidatura.mp4&#8243; image_src=&#8220;https:\/\/artigianidelrestauro.com\/wp-content\/uploads\/2025\/12\/lucidatura-berkel-01.jpg&#8220; _builder_version=&#8220;4.27.4&#8243; _module_preset=&#8220;default&#8220; global_colors_info=&#8220;{}&#8220;][\/et_pb_video][\/et_pb_column][et_pb_column type=&#8220;1_2&#8243; _builder_version=&#8220;4.27.4&#8243; _module_preset=&#8220;default&#8220; global_colors_info=&#8220;{}&#8220;][et_pb_heading title=&#8220;PHASE#7 &#8211; POLIEREN&#8220; _builder_version=&#8220;4.27.4&#8243; _module_preset=&#8220;default&#8220; title_level=&#8220;h2&#8243; title_font=&#8220;Montserrat|600|||||||&#8220; title_text_color=&#8220;#aa1c17&#8243; title_font_size=&#8220;22px&#8220; custom_margin=&#8220;||0px||false|false&#8220; global_colors_info=&#8220;{}&#8220;][\/et_pb_heading][et_pb_text _builder_version=&#8220;4.27.4&#8243; _module_preset=&#8220;default&#8220; text_font=&#8220;|300|||||||&#8220; global_colors_info=&#8220;{}&#8220;]<\/p>\n<p>Drei Schichten transparenter Lack werden \u00fcber alle Teile, die den Aufschnittmaschine ausmachen, aufgetragen und dann wird die Maschine manuell poliert. Auf diese Weise kehrt die restaurierte Berkel mit ihrem urspr\u00fcnglichen Charme und ihrer Sch\u00f6nheit ins Leben zur\u00fcck.<\/p>\n<p>[\/et_pb_text][\/et_pb_column][\/et_pb_row][et_pb_row column_structure=&#8220;1_2,1_2&#8243; module_id=&#8220;step-montaggio&#8220; module_class=&#8220;step-content&#8220; _builder_version=&#8220;4.27.4&#8243; _module_preset=&#8220;default&#8220; global_colors_info=&#8220;{}&#8220;][et_pb_column type=&#8220;1_2&#8243; _builder_version=&#8220;4.27.4&#8243; _module_preset=&#8220;default&#8220; global_colors_info=&#8220;{}&#8220;][et_pb_video src=&#8220;https:\/\/artigianidelrestauro.com\/wp-content\/uploads\/2025\/12\/slayer-8montaggio.mp4&#8243; image_src=&#8220;https:\/\/artigianidelrestauro.com\/wp-content\/uploads\/2025\/12\/montaggio-berkel-03.jpg&#8220; _builder_version=&#8220;4.27.4&#8243; _module_preset=&#8220;default&#8220; global_colors_info=&#8220;{}&#8220;][\/et_pb_video][\/et_pb_column][et_pb_column type=&#8220;1_2&#8243; _builder_version=&#8220;4.27.4&#8243; _module_preset=&#8220;default&#8220; global_colors_info=&#8220;{}&#8220;][et_pb_heading title=&#8220;PHASE#8 &#8211; MONTAGE&#8220; _builder_version=&#8220;4.27.4&#8243; _module_preset=&#8220;default&#8220; title_level=&#8220;h2&#8243; title_font=&#8220;Montserrat|600|||||||&#8220; title_text_color=&#8220;#aa1c17&#8243; title_font_size=&#8220;22px&#8220; custom_margin=&#8220;||0px||false|false&#8220; global_colors_info=&#8220;{}&#8220;][\/et_pb_heading][et_pb_text _builder_version=&#8220;4.27.4&#8243; _module_preset=&#8220;default&#8220; text_font=&#8220;|300|||||||&#8220; global_colors_info=&#8220;{}&#8220;]<\/p>\n<p>Die mechanischen Komponenten werden zusammengef\u00fcgt: Die lackierten Details und die Schrauben werden in den Berkel Aufschnittmaschine eingef\u00fchrt; zudem werden die Klinge, das Schmirgel und die geriffelte Platte integriert. Endlich ist alles wieder hergestellt. Am Ende dieses Prozesses ist die restaurierte Berkel ist wieder voll funktionsf\u00e4hig und erstrahlt in ihrem alten Glanz.<\/p>\n<p>M\u00f6chten Sie eine bereits restaurierte Maschine kaufen? Oder m\u00f6chten Sie sich \u00fcber die Preise der alten Berkel Schneidemaschinen in unserem Sortiment informieren? Dann kontaktieren sie uns und erfahren sie mehr \u00fcber unsere Produkte und unseren Service.<\/p>\n<p>[\/et_pb_text][\/et_pb_column][\/et_pb_row][et_pb_row _builder_version=&#8220;4.27.4&#8243; _module_preset=&#8220;default&#8220; global_colors_info=&#8220;{}&#8220;][et_pb_column type=&#8220;4_4&#8243; _builder_version=&#8220;4.27.4&#8243; _module_preset=&#8220;default&#8220; global_colors_info=&#8220;{}&#8220;][et_pb_code _builder_version=&#8220;4.27.4&#8243; _module_preset=&#8220;default&#8220; global_colors_info=&#8220;{}&#8220;][\/et_pb_code][\/et_pb_column][\/et_pb_row][\/et_pb_section]<\/p>\n","protected":false},"excerpt":{"rendered":"<p>Artigiani del Restauro ist eine traditionelle Werkstatt, die sich auf die Restaurierung und den Verkauf von antiken Berkel-Aufschnittsmaschinen spezialisiert hat. Die Firma kauft und restauriert antike Berkel-Schneidemaschinen mit dem Ziel, diese wiederherzustellen und ihnen ihre urspr\u00fcngliche Pracht und perfekte Funktionalit\u00e4t wiederzuverleihen. Die gesamten Berkel-Restaurierung und die Verarbeitung findet in einer eigenen Fabrik in Oggiona S. [&hellip;]<\/p>\n","protected":false},"author":1,"featured_media":0,"parent":0,"menu_order":0,"comment_status":"closed","ping_status":"closed","template":"","meta":{"_et_pb_use_builder":"on","_et_pb_old_content":"","_et_gb_content_width":"","footnotes":""},"class_list":["post-236204","page","type-page","status-publish","hentry"],"_links":{"self":[{"href":"https:\/\/www.artigianidelrestauro.com\/de\/wp-json\/wp\/v2\/pages\/236204","targetHints":{"allow":["GET"]}}],"collection":[{"href":"https:\/\/www.artigianidelrestauro.com\/de\/wp-json\/wp\/v2\/pages"}],"about":[{"href":"https:\/\/www.artigianidelrestauro.com\/de\/wp-json\/wp\/v2\/types\/page"}],"author":[{"embeddable":true,"href":"https:\/\/www.artigianidelrestauro.com\/de\/wp-json\/wp\/v2\/users\/1"}],"replies":[{"embeddable":true,"href":"https:\/\/www.artigianidelrestauro.com\/de\/wp-json\/wp\/v2\/comments?post=236204"}],"version-history":[{"count":8,"href":"https:\/\/www.artigianidelrestauro.com\/de\/wp-json\/wp\/v2\/pages\/236204\/revisions"}],"predecessor-version":[{"id":236485,"href":"https:\/\/www.artigianidelrestauro.com\/de\/wp-json\/wp\/v2\/pages\/236204\/revisions\/236485"}],"wp:attachment":[{"href":"https:\/\/www.artigianidelrestauro.com\/de\/wp-json\/wp\/v2\/media?parent=236204"}],"curies":[{"name":"wp","href":"https:\/\/api.w.org\/{rel}","templated":true}]}}